{"id":17,"date":"2022-02-02T11:46:11","date_gmt":"2022-02-02T10:46:11","guid":{"rendered":"http:\/\/bioabsmat.pl\/?page_id=17"},"modified":"2022-06-01T12:52:21","modified_gmt":"2022-06-01T10:52:21","slug":"informacje-o-projekcie","status":"publish","type":"page","link":"http:\/\/bioabsmat.pl\/","title":{"rendered":""},"content":{"rendered":"\r\n<div class=\"wp-block-columns is-layout-flex wp-container-core-columns-is-layout-9d6595d7 wp-block-columns-is-layout-flex\">\r\n<div class=\"wp-block-column is-layout-flow wp-block-column-is-layout-flow\" style=\"flex-basis: 100%;\">\r\n<div class=\"wp-block-columns alignwide are-vertically-aligned-center is-layout-flex wp-container-core-columns-is-layout-9d6595d7 wp-block-columns-is-layout-flex\">\r\n<div class=\"wp-block-column is-vertically-aligned-center is-layout-flow wp-block-column-is-layout-flow\" style=\"flex-basis: 100%;\">\r\n<p>&nbsp;<\/p>\r\n<p style=\"text-align: justify;\">Post\u0119p w dziedzinie metali bioabsorbowalnych ma ogromne znaczenie, poniewa\u017c mo\u017cna z nich wytworzy\u0107 implanty tymczasowe, zast\u0119puj\u0105ce sta\u0142e, a tym samym ogranicza\u0107 szkodliwe skutki uboczne zwi\u0105zane z ich d\u0142ugotrwa\u0142\u0105 obecno\u015bci\u0105 w organizmie pacjenta. Ro\u015bnie zainteresowanie metalami bioabsorbowalnymi do zastosowa\u0144 biomedycznych. Wraz z przyspieszeniem starzenia si\u0119 spo\u0142ecze\u0144stwa, zdrowie ludzkie i jako\u015b\u0107 \u017cycia nale\u017c\u0105 do najwa\u017cniejszych kwestii. Zast\u0105pienie tkanki ludzkiej implantami jest jednym z warunk\u00f3w podtrzymania d\u0142ugiej i dobrej kondycji fizycznej tak skomplikowanej maszyny jak cz\u0142owiek. Przewiduje si\u0119 potencjalny wzrost rynku ortopedycznego na \u015bwiecie w nast\u0119pnych latach g\u0142\u00f3wnie z powodu kontuzji sportowych i wypadk\u00f3w samochodowych. Konieczne jest znalezienie alternatywy dla sta\u0142ych implant\u00f3w kostnych, co zapobiegnie wt\u00f3rnym operacjom i powik\u0142aniom zwi\u0105zanym z obecno\u015bci\u0105 metalowych cz\u0119\u015bci wewn\u0105trz ludzkiego cia\u0142a. Dlatego w ramach tego projektu planuje si\u0119 wytworzenie stop\u00f3w ZnMg0,5 z dodatkiem niewielkiej ilo\u015bci Ca i Sr oraz ich wyciskanie hydrostatyczne. Zaproponowane w projekcie nowatorskie podej\u015bcie obejmuje wytworzenie czterosk\u0142adnikowych stop\u00f3w cynku o zadowalaj\u0105cych w\u0142a\u015bciwo\u015bciach mechanicznych uzyskanych przez po\u0142\u0105czenie stopowania i odkszta\u0142cenia plastycznego, z ich korzystnym wp\u0142ywem na w\u0142a\u015bciwo\u015bci korozyjne i biologiczne. Zaprojektowany zostanie prototyp \u015bruby ortopedycznej, kt\u00f3ry zostanie poddany badaniom mechanicznym, mikrostrukturalnym i korozyjnym. Seria unikalnych w skali \u015bwiatowej prototypowych element\u00f3w w postaci \u015brub kostnych wykonanych z bioabsorbowalnego stopu cynku o wysokich w\u0142a\u015bciwo\u015bciach mechanicznych, zostanie zaprojektowana i wytworzona w ramach projektu. Prowadzone badania wyznacz\u0105 pionierski kierunek w rozwoju nowej generacji materia\u0142\u00f3w do zastosowa\u0144 na implanty ortopedyczne.<\/p>\r\n<p><img loading=\"lazy\" decoding=\"async\" class=\" wp-image-69 aligncenter\" src=\"http:\/\/bioabsmat.pl\/wp-content\/uploads\/2022\/02\/Schematj.polski-300x204.png\" alt=\"\" width=\"469\" height=\"319\" srcset=\"http:\/\/bioabsmat.pl\/wp-content\/uploads\/2022\/02\/Schematj.polski-300x204.png 300w, http:\/\/bioabsmat.pl\/wp-content\/uploads\/2022\/02\/Schematj.polski-1024x695.png 1024w, http:\/\/bioabsmat.pl\/wp-content\/uploads\/2022\/02\/Schematj.polski-768x521.png 768w, http:\/\/bioabsmat.pl\/wp-content\/uploads\/2022\/02\/Schematj.polski-1536x1043.png 1536w, http:\/\/bioabsmat.pl\/wp-content\/uploads\/2022\/02\/Schematj.polski-2048x1391.png 2048w\" sizes=\"auto, (max-width: 469px) 100vw, 469px\" \/><\/p>\r\n<p>&nbsp;<\/p>\r\n<\/div>\r\n<\/div>\r\n<\/div>\r\n<\/div>\r\n","protected":false},"excerpt":{"rendered":"<p>&nbsp; Post\u0119p w dziedzinie metali bioabsorbowalnych ma ogromne znaczenie, poniewa\u017c mo\u017cna z nich wytworzy\u0107 implanty tymczasowe, zast\u0119puj\u0105ce sta\u0142e, a tym samym ogranicza\u0107 szkodliwe skutki uboczne zwi\u0105zane z ich d\u0142ugotrwa\u0142\u0105 obecno\u015bci\u0105 w organizmie pacjenta. Ro\u015bnie zainteresowanie metalami bioabsorbowalnymi do zastosowa\u0144 biomedycznych. Wraz z przyspieszeniem starzenia si\u0119 spo\u0142ecze\u0144stwa, zdrowie ludzkie i jako\u015b\u0107 \u017cycia nale\u017c\u0105 do najwa\u017cniejszych kwestii. &hellip; <a href=\"http:\/\/bioabsmat.pl\/\" class=\"more-link\">Czytaj dalej <span class=\"screen-reader-text\"><\/span> <span class=\"meta-nav\">&rarr;<\/span><\/a><\/p>\n","protected":false},"author":1,"featured_media":11,"parent":0,"menu_order":0,"comment_status":"closed","ping_status":"closed","template":"","meta":{"footnotes":""},"class_list":["post-17","page","type-page","status-publish","has-post-thumbnail","hentry"],"_links":{"self":[{"href":"http:\/\/bioabsmat.pl\/index.php?rest_route=\/wp\/v2\/pages\/17","targetHints":{"allow":["GET"]}}],"collection":[{"href":"http:\/\/bioabsmat.pl\/index.php?rest_route=\/wp\/v2\/pages"}],"about":[{"href":"http:\/\/bioabsmat.pl\/index.php?rest_route=\/wp\/v2\/types\/page"}],"author":[{"embeddable":true,"href":"http:\/\/bioabsmat.pl\/index.php?rest_route=\/wp\/v2\/users\/1"}],"replies":[{"embeddable":true,"href":"http:\/\/bioabsmat.pl\/index.php?rest_route=%2Fwp%2Fv2%2Fcomments&post=17"}],"version-history":[{"count":16,"href":"http:\/\/bioabsmat.pl\/index.php?rest_route=\/wp\/v2\/pages\/17\/revisions"}],"predecessor-version":[{"id":89,"href":"http:\/\/bioabsmat.pl\/index.php?rest_route=\/wp\/v2\/pages\/17\/revisions\/89"}],"wp:featuredmedia":[{"embeddable":true,"href":"http:\/\/bioabsmat.pl\/index.php?rest_route=\/wp\/v2\/media\/11"}],"wp:attachment":[{"href":"http:\/\/bioabsmat.pl\/index.php?rest_route=%2Fwp%2Fv2%2Fmedia&parent=17"}],"curies":[{"name":"wp","href":"https:\/\/api.w.org\/{rel}","templated":true}]}}