{"id":7,"date":"2022-02-02T11:29:37","date_gmt":"2022-02-02T10:29:37","guid":{"rendered":"http:\/\/bioabsmat.pl\/?page_id=7"},"modified":"2022-02-04T15:03:40","modified_gmt":"2022-02-04T14:03:40","slug":"bioabsmat","status":"publish","type":"page","link":"http:\/\/bioabsmat.pl\/?page_id=7","title":{"rendered":"Bioabsmat"},"content":{"rendered":"\n<p><strong>Tytu\u0142 projektu<\/strong>:&nbsp;New generation material for application in bioabsorbable orthopedic implants&nbsp;<\/p>\n\n\n\n<p><\/p>\n\n\n\n<p>Konkurs:&nbsp;<strong>SMALL GRANT SCHEME Call<\/strong><\/p>\n\n\n\n<p>Projekt badawczy nr<strong>&nbsp;NOR\/SGS\/BioAbsMat\/0096\/2020<\/strong><\/p>\n\n\n\n<p>Kierownik projektu:<strong>&nbsp;dr hab. Magdalena Bieda-Niemiec<\/strong>  <\/p>\n\n\n\n<p>h<a href=\"\/\/www.researchgate.net\/profile\/Magdalena-Bieda\" target=\"_blank\" rel=\"noreferrer noopener\">ttps:\/\/www.researchgate.net\/profile\/Magdalena-Bieda<\/a><\/p>\n\n\n\n<p><a rel=\"noreferrer noopener\" href=\"https:\/\/www.scopus.com\/authid\/detail.uri?authorId=14019142200\" target=\"_blank\">https:\/\/www.scopus.com\/authid\/detail.uri?authorId=14019142200<\/a><\/p>\n\n\n\n<p>Promotor projektu: Instytut Metalurgii i In\u017cynierii Materia\u0142owej PAN <a href=\"http:\/\/www.imim.pl\">www.imim.pl<\/a><\/p>\n\n\n<p>DOFINANSOWANIE:&nbsp;<br><strong>909 425,00 z\u0142<\/strong><\/p>","protected":false},"excerpt":{"rendered":"<p>Tytu\u0142 projektu:&nbsp;New generation material for application in bioabsorbable orthopedic implants&nbsp; Konkurs:&nbsp;SMALL GRANT SCHEME Call Projekt badawczy nr&nbsp;NOR\/SGS\/BioAbsMat\/0096\/2020 Kierownik projektu:&nbsp;dr hab. Magdalena Bieda-Niemiec https:\/\/www.researchgate.net\/profile\/Magdalena-Bieda https:\/\/www.scopus.com\/authid\/detail.uri?authorId=14019142200 Promotor projektu: Instytut Metalurgii i In\u017cynierii Materia\u0142owej PAN www.imim.pl DOFINANSOWANIE:&nbsp;909 425,00 z\u0142<\/p>\n","protected":false},"author":1,"featured_media":9,"parent":0,"menu_order":0,"comment_status":"closed","ping_status":"closed","template":"","meta":{"footnotes":""},"class_list":["post-7","page","type-page","status-publish","has-post-thumbnail","hentry"],"_links":{"self":[{"href":"http:\/\/bioabsmat.pl\/index.php?rest_route=\/wp\/v2\/pages\/7","targetHints":{"allow":["GET"]}}],"collection":[{"href":"http:\/\/bioabsmat.pl\/index.php?rest_route=\/wp\/v2\/pages"}],"about":[{"href":"http:\/\/bioabsmat.pl\/index.php?rest_route=\/wp\/v2\/types\/page"}],"author":[{"embeddable":true,"href":"http:\/\/bioabsmat.pl\/index.php?rest_route=\/wp\/v2\/users\/1"}],"replies":[{"embeddable":true,"href":"http:\/\/bioabsmat.pl\/index.php?rest_route=%2Fwp%2Fv2%2Fcomments&post=7"}],"version-history":[{"count":10,"href":"http:\/\/bioabsmat.pl\/index.php?rest_route=\/wp\/v2\/pages\/7\/revisions"}],"predecessor-version":[{"id":79,"href":"http:\/\/bioabsmat.pl\/index.php?rest_route=\/wp\/v2\/pages\/7\/revisions\/79"}],"wp:featuredmedia":[{"embeddable":true,"href":"http:\/\/bioabsmat.pl\/index.php?rest_route=\/wp\/v2\/media\/9"}],"wp:attachment":[{"href":"http:\/\/bioabsmat.pl\/index.php?rest_route=%2Fwp%2Fv2%2Fmedia&parent=7"}],"curies":[{"name":"wp","href":"https:\/\/api.w.org\/{rel}","templated":true}]}}